{"id":74,"date":"2018-09-18T13:26:38","date_gmt":"2018-09-18T13:26:38","guid":{"rendered":"https:\/\/cancellieportesicure.it\/?page_id=74"},"modified":"2018-10-30T08:51:21","modified_gmt":"2018-10-30T08:51:21","slug":"cosa-facciamo-la-nostra-visione","status":"publish","type":"page","link":"https:\/\/cancellieportesicure.it\/?page_id=74","title":{"rendered":"La nostra visione"},"content":{"rendered":"<div class=\"page\" title=\"Page 1\">\n<blockquote>\n<h4>Cancelli e Porte Sicuri: La nostra visione<\/h4>\n<\/blockquote>\n<\/div>\n<p>Il confronto delle quotidiane esperienze consente di mettere a fuoco i punti oscuri nell\u2019interpretazione ed applicazione delle <strong>Norme vigenti<\/strong>, focalizzando e chiarendo le reali problematiche da risolvere sul campo attraverso commissioni di lavoro interne con corsi mirati, tenuti da professionisti riconosciuti e preparati <em>nel campo dell&#8217;automazione di porte e cancelli.<\/em><\/p>\n<p>&nbsp;<\/p>\n<p style=\"text-align: center;\"><img loading=\"lazy\" decoding=\"async\" src=\"https:\/\/cancellieportesicure.it\/wp-content\/uploads\/2018\/09\/Automated-Gates-Essex-300x225.jpg\" alt=\"\" width=\"504\" height=\"378\" class=\"wp-image-35 aligncenter\" srcset=\"https:\/\/cancellieportesicure.it\/wp-content\/uploads\/2018\/09\/Automated-Gates-Essex-300x225.jpg 300w, https:\/\/cancellieportesicure.it\/wp-content\/uploads\/2018\/09\/Automated-Gates-Essex-600x450.jpg 600w, https:\/\/cancellieportesicure.it\/wp-content\/uploads\/2018\/09\/Automated-Gates-Essex.jpg 700w\" sizes=\"auto, (max-width: 504px) 100vw, 504px\" \/>Cancello bello&#8230;<strong> ma non sicuro!<\/strong><\/p>\n<p>&nbsp;<\/p>\n<p><span>Queste iniziative comuni ci consentono di tracciare delle\u00a0<\/span><strong>linee guida operative<\/strong><span>\u00a0al fine\u00a0<\/span><span>di fornire al mercato un Servizio di Manutenzione e di Installazione codificato e certificato<\/span><span>\u00a0<\/span><em>per la corretta posa di porte e cancelli automatici\/automatizzati<\/em><span>, sempre pi\u00f9 sicuri ed efficienti attraverso una comune e coerente applicazione delle regole.<\/span><\/p>\n<blockquote><p>Il connubio di tutte le azioni descritte porter\u00e0 a sviluppare, con gratuit\u00e0, la collegialit\u00e0 e la collaborazione fra i vari membri.<\/p>\n<p><span>Gli enti di controllo e verifica operativi nell&#8217;associazione con staff tecnico e ingegneristico ci consentono di essere sempre allineati e conformi alle normative vigenti e ai futuri sviluppi attraverso la formazione continua<\/span><\/p><\/blockquote>\n<p>Tutto ci\u00f2 porter\u00e0 a garantire all\u2019intero settore, ed in particolare agli Amministratori di Stabili, un punto di affidabile riferimento per Competenza, Professionalit\u00e0 e Servizio cui affidarsi con estrema tranquillit\u00e0: un polo dove nulla viene lasciato al caso, dove tutti sono per uno ed ognuno \u00e8 per tutti.<\/p>\n<blockquote><p>La competizione sana ed onesta \u00e8 e sar\u00e0 il\u00a0 sale per la conquista ed il mantenimento di un mercato veramente \u201cconsapevole\u201d.<\/p><\/blockquote>\n<p>&nbsp;<\/p>\n<p><img loading=\"lazy\" decoding=\"async\" src=\"https:\/\/cancellieportesicure.it\/wp-content\/uploads\/2018\/09\/cancelli-e-porte-sicuri-associazione-300x200.jpg\" alt=\"\" width=\"294\" height=\"196\" class=\"wp-image-94 alignleft\" srcset=\"https:\/\/cancellieportesicure.it\/wp-content\/uploads\/2018\/09\/cancelli-e-porte-sicuri-associazione-300x200.jpg 300w, https:\/\/cancellieportesicure.it\/wp-content\/uploads\/2018\/09\/cancelli-e-porte-sicuri-associazione-360x240.jpg 360w, https:\/\/cancellieportesicure.it\/wp-content\/uploads\/2018\/09\/cancelli-e-porte-sicuri-associazione-600x400.jpg 600w, https:\/\/cancellieportesicure.it\/wp-content\/uploads\/2018\/09\/cancelli-e-porte-sicuri-associazione.jpg 724w\" sizes=\"auto, (max-width: 294px) 100vw, 294px\" \/><\/p>\n<p>Il raggiungimento della coesione e della collegialit\u00e0 completa nell\u2019interesse comune, consentir\u00e0 di affrontare e collaborare con le autorit\u00e0 pubbliche per migliorare e normalizzare attraverso specifici regolamenti la nostra particolare attivit\u00e0.<\/p>\n<p>&nbsp;<\/p>\n<p>La nostra Cultura di settore potr\u00e0 solo crescere e Noi saremo veramente al Servizio di un <strong>Mercato sempre pi\u00f9 esigente<\/strong>. Con l\u2019evoluzione della categoria la <strong>selezione professionale<\/strong> avverr\u00e0 in modo spontaneo per \u201cmotu proprio\u201d.<\/p>\n","protected":false},"excerpt":{"rendered":"<p>Cancelli e Porte Sicuri: La nostra visione Il confronto delle quotidiane esperienze consente di mettere a fuoco i punti oscuri nell\u2019interpretazione ed applicazione delle Norme vigenti, focalizzando e chiarendo le reali problematiche da risolvere sul campo attraverso commissioni di lavoro interne con corsi mirati, tenuti da professionisti riconosciuti e preparati<a class=\"moretag\" href=\"https:\/\/cancellieportesicure.it\/?page_id=74\"> Leggi tutto<\/a><\/p>\n","protected":false},"author":1,"featured_media":0,"parent":0,"menu_order":0,"comment_status":"closed","ping_status":"closed","template":"","meta":{"footnotes":""},"class_list":["post-74","page","type-page","status-publish","hentry"],"_links":{"self":[{"href":"https:\/\/cancellieportesicure.it\/index.php?rest_route=\/wp\/v2\/pages\/74","targetHints":{"allow":["GET"]}}],"collection":[{"href":"https:\/\/cancellieportesicure.it\/index.php?rest_route=\/wp\/v2\/pages"}],"about":[{"href":"https:\/\/cancellieportesicure.it\/index.php?rest_route=\/wp\/v2\/types\/page"}],"author":[{"embeddable":true,"href":"https:\/\/cancellieportesicure.it\/index.php?rest_route=\/wp\/v2\/users\/1"}],"replies":[{"embeddable":true,"href":"https:\/\/cancellieportesicure.it\/index.php?rest_route=%2Fwp%2Fv2%2Fcomments&post=74"}],"version-history":[{"count":29,"href":"https:\/\/cancellieportesicure.it\/index.php?rest_route=\/wp\/v2\/pages\/74\/revisions"}],"predecessor-version":[{"id":209,"href":"https:\/\/cancellieportesicure.it\/index.php?rest_route=\/wp\/v2\/pages\/74\/revisions\/209"}],"wp:attachment":[{"href":"https:\/\/cancellieportesicure.it\/index.php?rest_route=%2Fwp%2Fv2%2Fmedia&parent=74"}],"curies":[{"name":"wp","href":"https:\/\/api.w.org\/{rel}","templated":true}]}}